{"id":23,"date":"2024-01-20T18:41:42","date_gmt":"2024-01-20T17:41:42","guid":{"rendered":"https:\/\/acoustique-sy.com\/?page_id=23"},"modified":"2024-07-20T17:52:25","modified_gmt":"2024-07-20T21:52:25","slug":"accueil","status":"publish","type":"page","link":"https:\/\/acoustique-sy.com\/","title":{"rendered":"Accueil"},"content":{"rendered":"\t\t<div data-elementor-type=\"wp-page\" data-elementor-id=\"23\" class=\"elementor elementor-23\">\n\t\t\t\t<div class=\"elementor-element elementor-element-90714e4 e-con-full e-flex e-con e-parent\" data-id=\"90714e4\" data-element_type=\"container\" data-settings=\"{&quot;background_background&quot;:&quot;slideshow&quot;,&quot;animation&quot;:&quot;none&quot;,&quot;background_slideshow_gallery&quot;:[{&quot;id&quot;:1142,&quot;url&quot;:&quot;http:\\\/\\\/acoustique-sy.com\\\/wp-content\\\/uploads\\\/2024\\\/07\\\/1.png&quot;},{&quot;id&quot;:1143,&quot;url&quot;:&quot;http:\\\/\\\/acoustique-sy.com\\\/wp-content\\\/uploads\\\/2024\\\/07\\\/2.png&quot;},{&quot;id&quot;:1144,&quot;url&quot;:&quot;http:\\\/\\\/acoustique-sy.com\\\/wp-content\\\/uploads\\\/2024\\\/07\\\/3.png&quot;},{&quot;id&quot;:1146,&quot;url&quot;:&quot;http:\\\/\\\/acoustique-sy.com\\\/wp-content\\\/uploads\\\/2024\\\/07\\\/4.png&quot;},{&quot;id&quot;:1147,&quot;url&quot;:&quot;http:\\\/\\\/acoustique-sy.com\\\/wp-content\\\/uploads\\\/2024\\\/07\\\/5.png&quot;},{&quot;id&quot;:1145,&quot;url&quot;:&quot;http:\\\/\\\/acoustique-sy.com\\\/wp-content\\\/uploads\\\/2024\\\/07\\\/6.png&quot;}],&quot;background_slideshow_slide_duration&quot;:1500,&quot;background_slideshow_slide_transition&quot;:&quot;slide_left&quot;,&quot;background_slideshow_transition_duration&quot;:1500,&quot;background_slideshow_loop&quot;:&quot;yes&quot;}\">\n\t\t\t\t<div class=\"elementor-element elementor-element-7216ea0 elementor-widget elementor-widget-heading\" data-id=\"7216ea0\" data-element_type=\"widget\" data-widget_type=\"heading.default\">\n\t\t\t\t<div class=\"elementor-widget-container\">\n\t\t\t\t\t<h2 class=\"elementor-heading-title elementor-size-default\">A.Sy CONSEIL, EXPERTISES ET ETUDES ACOUSTIQUES<\/h2>\t\t\t\t<\/div>\n\t\t\t\t<\/div>\n\t\t\t\t<\/div>\n\t\t<div class=\"elementor-element elementor-element-6ae4fcd e-con-full e-flex e-con e-parent\" data-id=\"6ae4fcd\" data-element_type=\"container\">\n\t\t<div class=\"elementor-element elementor-element-b6b857a e-con-full e-flex e-con e-child\" data-id=\"b6b857a\" data-element_type=\"container\">\n\t\t\t\t<div class=\"elementor-element elementor-element-e694d98 elementor-widget elementor-widget-heading\" data-id=\"e694d98\" data-element_type=\"widget\" data-widget_type=\"heading.default\">\n\t\t\t\t<div class=\"elementor-widget-container\">\n\t\t\t\t\t<h2 class=\"elementor-heading-title elementor-size-default\">NOS MISSIONS<\/h2>\t\t\t\t<\/div>\n\t\t\t\t<\/div>\n\t\t\t\t<div class=\"elementor-element elementor-element-814f018 elementor-widget-mobile__width-inherit elementor-widget elementor-widget-text-editor\" data-id=\"814f018\" data-element_type=\"widget\" data-widget_type=\"text-editor.default\">\n\t\t\t\t<div class=\"elementor-widget-container\">\n\t\t\t\t\t\t\t\t\t<ul><li><span style=\"vertical-align: inherit;\"><span style=\"vertical-align: inherit;\"><span style=\"vertical-align: inherit;\"><span style=\"vertical-align: inherit;\">Diagnostic<\/span><\/span><\/span><\/span><\/li><li><span style=\"vertical-align: inherit;\"><span style=\"vertical-align: inherit;\"><span style=\"vertical-align: inherit;\"><span style=\"vertical-align: inherit;\">Faisabilit\u00e9, exigences du projet<\/span><\/span><\/span><\/span><\/li><li><span style=\"vertical-align: inherit;\"><span style=\"vertical-align: inherit;\"><span style=\"vertical-align: inherit;\"><span style=\"vertical-align: inherit;\">Etude et conception de solutions techniques<\/span><\/span><\/span><\/span><\/li><li><span style=\"vertical-align: inherit;\"><span style=\"vertical-align: inherit;\"><span style=\"vertical-align: inherit;\"><span style=\"vertical-align: inherit;\">Expertise, \u00e9valuation de la conformit\u00e9<\/span><\/span><\/span><\/span><\/li><\/ul>\t\t\t\t\t\t\t\t<\/div>\n\t\t\t\t<\/div>\n\t\t\t\t<\/div>\n\t\t<div class=\"elementor-element elementor-element-4e85492 e-con-full e-flex e-con e-child\" data-id=\"4e85492\" data-element_type=\"container\">\n\t\t\t\t<div class=\"elementor-element elementor-element-2afdef0 elementor-widget elementor-widget-image\" data-id=\"2afdef0\" data-element_type=\"widget\" data-widget_type=\"image.default\">\n\t\t\t\t<div class=\"elementor-widget-container\">\n\t\t\t\t\t\t\t\t\t\t\t\t\t\t\t<img fetchpriority=\"high\" decoding=\"async\" width=\"800\" height=\"450\" src=\"https:\/\/acoustique-sy.com\/wp-content\/uploads\/2024\/07\/57ad654d-aadb-4f5e-8f05-9cdd80fe0017-800x450.jpg\" class=\"attachment-ocean-thumb-ml size-ocean-thumb-ml wp-image-1076\" alt=\"\" srcset=\"https:\/\/acoustique-sy.com\/wp-content\/uploads\/2024\/07\/57ad654d-aadb-4f5e-8f05-9cdd80fe0017-800x450.jpg 800w, https:\/\/acoustique-sy.com\/wp-content\/uploads\/2024\/07\/57ad654d-aadb-4f5e-8f05-9cdd80fe0017-300x168.jpg 300w, https:\/\/acoustique-sy.com\/wp-content\/uploads\/2024\/07\/57ad654d-aadb-4f5e-8f05-9cdd80fe0017-768x431.jpg 768w, https:\/\/acoustique-sy.com\/wp-content\/uploads\/2024\/07\/57ad654d-aadb-4f5e-8f05-9cdd80fe0017.jpg 1000w\" sizes=\"(max-width: 800px) 100vw, 800px\" \/>\t\t\t\t\t\t\t\t\t\t\t\t\t\t\t<\/div>\n\t\t\t\t<\/div>\n\t\t\t\t<\/div>\n\t\t\t\t<\/div>\n\t\t<div class=\"elementor-element elementor-element-96b9ca7 e-con-full e-flex e-con e-parent\" data-id=\"96b9ca7\" data-element_type=\"container\">\n\t\t\t\t<div class=\"elementor-element elementor-element-5822871 elementor-widget elementor-widget-image\" data-id=\"5822871\" data-element_type=\"widget\" data-widget_type=\"image.default\">\n\t\t\t\t<div class=\"elementor-widget-container\">\n\t\t\t\t\t\t\t\t\t\t\t\t\t\t\t<img decoding=\"async\" width=\"800\" height=\"450\" src=\"https:\/\/acoustique-sy.com\/wp-content\/uploads\/2024\/01\/IMG_20230301_113549-800x450.jpg\" class=\"attachment-ocean-thumb-ml size-ocean-thumb-ml wp-image-575\" alt=\"\" srcset=\"https:\/\/acoustique-sy.com\/wp-content\/uploads\/2024\/01\/IMG_20230301_113549-800x450.jpg 800w, https:\/\/acoustique-sy.com\/wp-content\/uploads\/2024\/01\/IMG_20230301_113549-300x169.jpg 300w\" sizes=\"(max-width: 800px) 100vw, 800px\" \/>\t\t\t\t\t\t\t\t\t\t\t\t\t\t\t<\/div>\n\t\t\t\t<\/div>\n\t\t\t\t<div class=\"elementor-element elementor-element-f00832a elementor-hidden-tablet elementor-hidden-mobile elementor-widget elementor-widget-image\" data-id=\"f00832a\" data-element_type=\"widget\" data-widget_type=\"image.default\">\n\t\t\t\t<div class=\"elementor-widget-container\">\n\t\t\t\t\t\t\t\t\t\t\t\t\t\t\t<img decoding=\"async\" width=\"800\" height=\"450\" src=\"https:\/\/acoustique-sy.com\/wp-content\/uploads\/2024\/07\/a00ea4c6-9d33-4a7c-9eeb-3748d0c965f2-800x450.jpg\" class=\"attachment-ocean-thumb-ml size-ocean-thumb-ml wp-image-1077\" alt=\"\" \/>\t\t\t\t\t\t\t\t\t\t\t\t\t\t\t<\/div>\n\t\t\t\t<\/div>\n\t\t<div class=\"elementor-element elementor-element-5c00c15 e-con-full e-flex e-con e-child\" data-id=\"5c00c15\" data-element_type=\"container\">\n\t\t\t\t<div class=\"elementor-element elementor-element-e84fca4 elementor-widget elementor-widget-heading\" data-id=\"e84fca4\" data-element_type=\"widget\" data-widget_type=\"heading.default\">\n\t\t\t\t<div class=\"elementor-widget-container\">\n\t\t\t\t\t<h2 class=\"elementor-heading-title elementor-size-default\">NOS DOMAINES D\u2019INTERVENTION<\/h2>\t\t\t\t<\/div>\n\t\t\t\t<\/div>\n\t\t\t\t<div class=\"elementor-element elementor-element-a38b102 elementor-widget-mobile__width-inherit elementor-widget elementor-widget-text-editor\" data-id=\"a38b102\" data-element_type=\"widget\" data-widget_type=\"text-editor.default\">\n\t\t\t\t<div class=\"elementor-widget-container\">\n\t\t\t\t\t\t\t\t\t<ul><li><span style=\"vertical-align: inherit;\"><span style=\"vertical-align: inherit;\">B\u00e2timent<\/span><\/span><\/li><li><span style=\"vertical-align: inherit;\"><span style=\"vertical-align: inherit;\">Acoustique environnementale<\/span><\/span><\/li><li><span style=\"vertical-align: inherit;\"><span style=\"vertical-align: inherit;\">Industrie<\/span><\/span><\/li><li><span style=\"vertical-align: inherit;\"><span style=\"vertical-align: inherit;\">Salles d&rsquo;\u00e9coute<\/span><\/span><\/li><li><span style=\"vertical-align: inherit;\"><span style=\"vertical-align: inherit;\">Bruit de voisinage<\/span><\/span><\/li><li><span style=\"vertical-align: inherit;\"><span style=\"vertical-align: inherit;\">Lieux musicaux<\/span><\/span><\/li><\/ul>\t\t\t\t\t\t\t\t<\/div>\n\t\t\t\t<\/div>\n\t\t\t\t<div class=\"elementor-element elementor-element-b8ecfdb elementor-hidden-desktop elementor-widget elementor-widget-image\" data-id=\"b8ecfdb\" data-element_type=\"widget\" data-widget_type=\"image.default\">\n\t\t\t\t<div class=\"elementor-widget-container\">\n\t\t\t\t\t\t\t\t\t\t\t\t\t\t\t<img decoding=\"async\" width=\"800\" height=\"450\" src=\"https:\/\/acoustique-sy.com\/wp-content\/uploads\/2024\/07\/a00ea4c6-9d33-4a7c-9eeb-3748d0c965f2-800x450.jpg\" class=\"attachment-ocean-thumb-ml size-ocean-thumb-ml wp-image-1077\" alt=\"\" \/>\t\t\t\t\t\t\t\t\t\t\t\t\t\t\t<\/div>\n\t\t\t\t<\/div>\n\t\t\t\t<\/div>\n\t\t\t\t<\/div>\n\t\t<div class=\"elementor-element elementor-element-768f00c e-con-full e-flex e-con e-parent\" data-id=\"768f00c\" data-element_type=\"container\">\n\t\t<div class=\"elementor-element elementor-element-4b67b69 e-con-full e-flex e-con e-child\" data-id=\"4b67b69\" data-element_type=\"container\">\n\t\t\t\t<div class=\"elementor-element elementor-element-c895671 elementor-hidden-desktop elementor-widget elementor-widget-image\" data-id=\"c895671\" data-element_type=\"widget\" data-widget_type=\"image.default\">\n\t\t\t\t<div class=\"elementor-widget-container\">\n\t\t\t\t\t\t\t\t\t\t\t\t\t\t\t<img loading=\"lazy\" decoding=\"async\" width=\"800\" height=\"450\" src=\"https:\/\/acoustique-sy.com\/wp-content\/uploads\/2024\/01\/DSC_0953-800x450.jpg\" class=\"attachment-ocean-thumb-ml size-ocean-thumb-ml wp-image-590\" alt=\"\" \/>\t\t\t\t\t\t\t\t\t\t\t\t\t\t\t<\/div>\n\t\t\t\t<\/div>\n\t\t\t\t<div class=\"elementor-element elementor-element-e5d1091 elementor-widget elementor-widget-text-editor\" data-id=\"e5d1091\" data-element_type=\"widget\" data-widget_type=\"text-editor.default\">\n\t\t\t\t<div class=\"elementor-widget-container\">\n\t\t\t\t\t\t\t\t\t<p><span style=\"vertical-align: inherit;\"><span style=\"vertical-align: inherit;\"><span style=\"vertical-align: inherit;\"><span style=\"vertical-align: inherit;\">A.Sy conseil, bureau d&rsquo;\u00e9tudes acoustiques intervient aux\u00a0 Antilles-Guyane. Notre mission ultime, vous accompagner dans la ma\u00eetrise des <\/span><\/span><\/span><\/span><span style=\"vertical-align: inherit;\"><span style=\"vertical-align: inherit;\"><span style=\"vertical-align: inherit;\"><span style=\"vertical-align: inherit;\">ambiances sonores, que vous recherchez le calme ou vous souhaitez r\u00e9duire vos \u00e9missions sonores dans votre environnement.<\/span><\/span><\/span><\/span><\/p>\n<p><span style=\"vertical-align: inherit;\"><span style=\"vertical-align: inherit;\"><span style=\"vertical-align: inherit;\"><span style=\"vertical-align: inherit;\">Dans les logements, les bureaux, les h\u00f4tels, les \u00e9tablissements d&rsquo;enseignement, les \u00e9tablissements <\/span><\/span><\/span><\/span><span style=\"vertical-align: inherit;\"><span style=\"vertical-align: inherit;\"><span style=\"vertical-align: inherit;\"><span style=\"vertical-align: inherit;\">de sant\u00e9, les salles de spectacle et de conf\u00e9rence, les lieux de loisir, les <\/span><\/span><\/span><\/span><span style=\"vertical-align: inherit;\"><span style=\"vertical-align: inherit;\"><span style=\"vertical-align: inherit;\"><span style=\"vertical-align: inherit;\">lieux diffusant la musique, les activit\u00e9s bruyantes, les lieux culturels et cultuels, les <\/span><\/span><\/span><\/span><span style=\"vertical-align: inherit;\"><span style=\"vertical-align: inherit;\"><span style=\"vertical-align: inherit;\"><span style=\"vertical-align: inherit;\">gymnases, les salles de sport, les \u00e9quipements techniques,<\/span><\/span><\/span><\/span><\/p>\n<p><span style=\"vertical-align: inherit;\"><span style=\"vertical-align: inherit;\"><span style=\"vertical-align: inherit;\"><span style=\"vertical-align: inherit;\">Vous cherchez \u00e0 r\u00e9duire un bruit, renforcer une isolation, am\u00e9liorer la qualit\u00e9 d&rsquo;\u00e9coute <\/span><\/span><\/span><\/span><span style=\"vertical-align: inherit;\"><span style=\"vertical-align: inherit;\"><span style=\"vertical-align: inherit;\"><span style=\"vertical-align: inherit;\">ou simplement vous mettre en conformit\u00e9 r\u00e9glementaire ?<\/span><\/span><\/span><\/span><\/p>\t\t\t\t\t\t\t\t<\/div>\n\t\t\t\t<\/div>\n\t\t\t\t<div class=\"elementor-element elementor-element-43e1965 elementor-align-center elementor-widget elementor-widget-button\" data-id=\"43e1965\" data-element_type=\"widget\" data-widget_type=\"button.default\">\n\t\t\t\t<div class=\"elementor-widget-container\">\n\t\t\t\t\t\t\t\t\t<div class=\"elementor-button-wrapper\">\n\t\t\t\t\t<a class=\"elementor-button elementor-button-link elementor-size-lg\" href=\"https:\/\/acoustique-sy.com\/index.php\/page-contact\/\">\n\t\t\t\t\t\t<span class=\"elementor-button-content-wrapper\">\n\t\t\t\t\t\t\t\t\t<span class=\"elementor-button-text\"> Contactez-nous<\/span>\n\t\t\t\t\t<\/span>\n\t\t\t\t\t<\/a>\n\t\t\t\t<\/div>\n\t\t\t\t\t\t\t\t<\/div>\n\t\t\t\t<\/div>\n\t\t\t\t<\/div>\n\t\t\t\t<div class=\"elementor-element elementor-element-9fbb905 elementor-hidden-tablet elementor-hidden-mobile elementor-widget elementor-widget-image\" data-id=\"9fbb905\" data-element_type=\"widget\" data-widget_type=\"image.default\">\n\t\t\t\t<div class=\"elementor-widget-container\">\n\t\t\t\t\t\t\t\t\t\t\t\t\t\t\t<img loading=\"lazy\" decoding=\"async\" width=\"800\" height=\"450\" src=\"https:\/\/acoustique-sy.com\/wp-content\/uploads\/2024\/01\/DSC_0953-800x450.jpg\" class=\"attachment-ocean-thumb-ml size-ocean-thumb-ml wp-image-590\" alt=\"\" \/>\t\t\t\t\t\t\t\t\t\t\t\t\t\t\t<\/div>\n\t\t\t\t<\/div>\n\t\t\t\t<\/div>\n\t\t<div class=\"elementor-element elementor-element-956b180 elementor-hidden-desktop elementor-hidden-tablet elementor-hidden-mobile e-flex e-con-boxed e-con e-parent\" data-id=\"956b180\" data-element_type=\"container\">\n\t\t\t\t\t<div class=\"e-con-inner\">\n\t\t\t\t<div class=\"elementor-element elementor-element-7c2e17d elementor-widget elementor-widget-heading\" data-id=\"7c2e17d\" data-element_type=\"widget\" data-widget_type=\"heading.default\">\n\t\t\t\t<div class=\"elementor-widget-container\">\n\t\t\t\t\t<h2 class=\"elementor-heading-title elementor-size-default\">Un probl\u00e8me de bruit \u00e0 cerner avec discernement ?<\/h2>\t\t\t\t<\/div>\n\t\t\t\t<\/div>\n\t\t\t\t\t<\/div>\n\t\t\t\t<\/div>\n\t\t<div class=\"elementor-element elementor-element-1841129 e-flex e-con-boxed e-con e-parent\" data-id=\"1841129\" data-element_type=\"container\">\n\t\t\t\t\t<div class=\"e-con-inner\">\n\t\t\t\t<div class=\"elementor-element elementor-element-01e5a76 elementor-hidden-desktop elementor-hidden-tablet elementor-hidden-mobile elementor-widget elementor-widget-text-editor\" data-id=\"01e5a76\" data-element_type=\"widget\" data-widget_type=\"text-editor.default\">\n\t\t\t\t<div class=\"elementor-widget-container\">\n\t\t\t\t\t\t\t\t\t<p><span style=\"font-weight: 400;\"><span style=\"vertical-align: inherit;\"><span style=\"vertical-align: inherit;\">Souvent le comportement est responsable de bons nombres de d\u00e9sagr\u00e9ments li\u00e9s au bruit : \u00e9chappement d\u00e9brid\u00e9 de moto ou de voiture de course en pleine nuit, voisin qui diffuse sa musique bien au-del\u00e0 de son domicile ou une activit\u00e9 bruyante qui surgit dans une zone r\u00e9sidentielle aux heures de sommeil, etc.<\/span><\/span><\/span><\/p><p><span style=\"font-weight: 400;\"><span style=\"vertical-align: inherit;\"><span style=\"vertical-align: inherit;\">Mais aussi, la qualit\u00e9 acoustique des b\u00e2timents et l&rsquo;absence de prise en compte de la r\u00e9alit\u00e9 de l&rsquo;environnement sonore conduisent \u00e9galement \u00e0 l&rsquo;exposition des personnes au bruit.<\/span><\/span><\/span><\/p>\t\t\t\t\t\t\t\t<\/div>\n\t\t\t\t<\/div>\n\t\t\t\t\t<\/div>\n\t\t\t\t<\/div>\n\t\t\t\t<\/div>\n\t\t","protected":false},"excerpt":{"rendered":"<p>A.Sy CONSEIL, EXPERTISES ET ETUDES ACOUSTIQUES NOS MISSIONS Diagnostic Faisabilit\u00e9, exigences du projet Etude et conception de solutions techniques Expertise, \u00e9valuation de la conformit\u00e9 NOS DOMAINES D\u2019INTERVENTION B\u00e2timent Acoustique environnementale Industrie Salles d&rsquo;\u00e9coute Bruit de voisinage Lieux musicaux A.Sy conseil, bureau d&rsquo;\u00e9tudes acoustiques intervient aux\u00a0 Antilles-Guyane. Notre mission ultime, vous accompagner dans la ma\u00eetrise des [&hellip;]<\/p>\n","protected":false},"author":1,"featured_media":573,"parent":0,"menu_order":0,"comment_status":"closed","ping_status":"closed","template":"elementor_header_footer","meta":{"footnotes":""},"class_list":["post-23","page","type-page","status-publish","has-post-thumbnail","hentry","entry","has-media"],"yoast_head":"<!-- This site is optimized with the Yoast SEO plugin v25.2 - https:\/\/yoast.com\/wordpress\/plugins\/seo\/ -->\n<title>BET Acoustique Bruit<\/title>\n<meta name=\"description\" content=\"BET Acoustique Bruit Mesure et Etude. B\u00e2timent, Environnement et Industrie. Guadeloupe, Martinique, Guyane, Saint-Martin, Saint-Barth\u00e9lemy.\" \/>\n<meta name=\"robots\" content=\"index, follow, max-snippet:-1, max-image-preview:large, max-video-preview:-1\" \/>\n<link rel=\"canonical\" href=\"https:\/\/acoustique-sy.com\/\" \/>\n<meta property=\"og:locale\" content=\"fr_FR\" \/>\n<meta property=\"og:type\" content=\"article\" \/>\n<meta property=\"og:title\" content=\"BET Acoustique Bruit\" \/>\n<meta property=\"og:description\" content=\"BET Acoustique Bruit Mesure et Etude. B\u00e2timent, Environnement et Industrie. Guadeloupe, Martinique, Guyane, Saint-Martin, Saint-Barth\u00e9lemy.\" \/>\n<meta property=\"og:url\" content=\"https:\/\/acoustique-sy.com\/\" \/>\n<meta property=\"og:site_name\" content=\"Acoustique Sy CONSEIL\" \/>\n<meta property=\"article:modified_time\" content=\"2024-07-20T21:52:25+00:00\" \/>\n<meta property=\"og:image\" content=\"http:\/\/acoustique-sy.com\/wp-content\/uploads\/2024\/01\/IMG_20181120_122025-scaled.jpg\" \/>\n\t<meta property=\"og:image:width\" content=\"2560\" \/>\n\t<meta property=\"og:image:height\" content=\"1445\" \/>\n\t<meta property=\"og:image:type\" content=\"image\/jpeg\" \/>\n<meta name=\"twitter:card\" content=\"summary_large_image\" \/>\n<meta name=\"twitter:label1\" content=\"Dur\u00e9e de lecture estim\u00e9e\" \/>\n\t<meta name=\"twitter:data1\" content=\"3 minutes\" \/>\n<script type=\"application\/ld+json\" class=\"yoast-schema-graph\">{\"@context\":\"https:\/\/schema.org\",\"@graph\":[{\"@type\":\"WebPage\",\"@id\":\"https:\/\/acoustique-sy.com\/\",\"url\":\"https:\/\/acoustique-sy.com\/\",\"name\":\"BET Acoustique Bruit\",\"isPartOf\":{\"@id\":\"https:\/\/acoustique-sy.com\/#website\"},\"primaryImageOfPage\":{\"@id\":\"https:\/\/acoustique-sy.com\/#primaryimage\"},\"image\":{\"@id\":\"https:\/\/acoustique-sy.com\/#primaryimage\"},\"thumbnailUrl\":\"https:\/\/acoustique-sy.com\/wp-content\/uploads\/2024\/01\/IMG_20181120_122025-scaled.jpg\",\"datePublished\":\"2024-01-20T17:41:42+00:00\",\"dateModified\":\"2024-07-20T21:52:25+00:00\",\"description\":\"BET Acoustique Bruit Mesure et Etude. B\u00e2timent, Environnement et Industrie. Guadeloupe, Martinique, Guyane, Saint-Martin, Saint-Barth\u00e9lemy.\",\"breadcrumb\":{\"@id\":\"https:\/\/acoustique-sy.com\/#breadcrumb\"},\"inLanguage\":\"fr-FR\",\"potentialAction\":[{\"@type\":\"ReadAction\",\"target\":[\"https:\/\/acoustique-sy.com\/\"]}]},{\"@type\":\"ImageObject\",\"inLanguage\":\"fr-FR\",\"@id\":\"https:\/\/acoustique-sy.com\/#primaryimage\",\"url\":\"https:\/\/acoustique-sy.com\/wp-content\/uploads\/2024\/01\/IMG_20181120_122025-scaled.jpg\",\"contentUrl\":\"https:\/\/acoustique-sy.com\/wp-content\/uploads\/2024\/01\/IMG_20181120_122025-scaled.jpg\",\"width\":2560,\"height\":1445,\"caption\":\"cof\"},{\"@type\":\"BreadcrumbList\",\"@id\":\"https:\/\/acoustique-sy.com\/#breadcrumb\",\"itemListElement\":[{\"@type\":\"ListItem\",\"position\":1,\"name\":\"Accueil\",\"item\":\"https:\/\/acoustique-sy.com\/\"},{\"@type\":\"ListItem\",\"position\":2,\"name\":\"Accueil\"}]},{\"@type\":\"WebSite\",\"@id\":\"https:\/\/acoustique-sy.com\/#website\",\"url\":\"https:\/\/acoustique-sy.com\/\",\"name\":\"Acoustique Sy CONSEIL\",\"description\":\"\",\"publisher\":{\"@id\":\"https:\/\/acoustique-sy.com\/#organization\"},\"potentialAction\":[{\"@type\":\"SearchAction\",\"target\":{\"@type\":\"EntryPoint\",\"urlTemplate\":\"https:\/\/acoustique-sy.com\/?s={search_term_string}\"},\"query-input\":{\"@type\":\"PropertyValueSpecification\",\"valueRequired\":true,\"valueName\":\"search_term_string\"}}],\"inLanguage\":\"fr-FR\"},{\"@type\":\"Organization\",\"@id\":\"https:\/\/acoustique-sy.com\/#organization\",\"name\":\"Acoustique Sy CONSEIL\",\"alternateName\":\"A.Sy conseil\",\"url\":\"https:\/\/acoustique-sy.com\/\",\"logo\":{\"@type\":\"ImageObject\",\"inLanguage\":\"fr-FR\",\"@id\":\"https:\/\/acoustique-sy.com\/#\/schema\/logo\/image\/\",\"url\":\"http:\/\/acoustique-sy.com\/wp-content\/uploads\/2024\/07\/icon-1.png\",\"contentUrl\":\"http:\/\/acoustique-sy.com\/wp-content\/uploads\/2024\/07\/icon-1.png\",\"width\":512,\"height\":512,\"caption\":\"Acoustique Sy CONSEIL\"},\"image\":{\"@id\":\"https:\/\/acoustique-sy.com\/#\/schema\/logo\/image\/\"}}]}<\/script>\n<!-- \/ Yoast SEO plugin. -->","yoast_head_json":{"title":"BET Acoustique Bruit","description":"BET Acoustique Bruit Mesure et Etude. B\u00e2timent, Environnement et Industrie. Guadeloupe, Martinique, Guyane, Saint-Martin, Saint-Barth\u00e9lemy.","robots":{"index":"index","follow":"follow","max-snippet":"max-snippet:-1","max-image-preview":"max-image-preview:large","max-video-preview":"max-video-preview:-1"},"canonical":"https:\/\/acoustique-sy.com\/","og_locale":"fr_FR","og_type":"article","og_title":"BET Acoustique Bruit","og_description":"BET Acoustique Bruit Mesure et Etude. B\u00e2timent, Environnement et Industrie. Guadeloupe, Martinique, Guyane, Saint-Martin, Saint-Barth\u00e9lemy.","og_url":"https:\/\/acoustique-sy.com\/","og_site_name":"Acoustique Sy CONSEIL","article_modified_time":"2024-07-20T21:52:25+00:00","og_image":[{"width":2560,"height":1445,"url":"http:\/\/acoustique-sy.com\/wp-content\/uploads\/2024\/01\/IMG_20181120_122025-scaled.jpg","type":"image\/jpeg"}],"twitter_card":"summary_large_image","twitter_misc":{"Dur\u00e9e de lecture estim\u00e9e":"3 minutes"},"schema":{"@context":"https:\/\/schema.org","@graph":[{"@type":"WebPage","@id":"https:\/\/acoustique-sy.com\/","url":"https:\/\/acoustique-sy.com\/","name":"BET Acoustique Bruit","isPartOf":{"@id":"https:\/\/acoustique-sy.com\/#website"},"primaryImageOfPage":{"@id":"https:\/\/acoustique-sy.com\/#primaryimage"},"image":{"@id":"https:\/\/acoustique-sy.com\/#primaryimage"},"thumbnailUrl":"https:\/\/acoustique-sy.com\/wp-content\/uploads\/2024\/01\/IMG_20181120_122025-scaled.jpg","datePublished":"2024-01-20T17:41:42+00:00","dateModified":"2024-07-20T21:52:25+00:00","description":"BET Acoustique Bruit Mesure et Etude. B\u00e2timent, Environnement et Industrie. Guadeloupe, Martinique, Guyane, Saint-Martin, Saint-Barth\u00e9lemy.","breadcrumb":{"@id":"https:\/\/acoustique-sy.com\/#breadcrumb"},"inLanguage":"fr-FR","potentialAction":[{"@type":"ReadAction","target":["https:\/\/acoustique-sy.com\/"]}]},{"@type":"ImageObject","inLanguage":"fr-FR","@id":"https:\/\/acoustique-sy.com\/#primaryimage","url":"https:\/\/acoustique-sy.com\/wp-content\/uploads\/2024\/01\/IMG_20181120_122025-scaled.jpg","contentUrl":"https:\/\/acoustique-sy.com\/wp-content\/uploads\/2024\/01\/IMG_20181120_122025-scaled.jpg","width":2560,"height":1445,"caption":"cof"},{"@type":"BreadcrumbList","@id":"https:\/\/acoustique-sy.com\/#breadcrumb","itemListElement":[{"@type":"ListItem","position":1,"name":"Accueil","item":"https:\/\/acoustique-sy.com\/"},{"@type":"ListItem","position":2,"name":"Accueil"}]},{"@type":"WebSite","@id":"https:\/\/acoustique-sy.com\/#website","url":"https:\/\/acoustique-sy.com\/","name":"Acoustique Sy CONSEIL","description":"","publisher":{"@id":"https:\/\/acoustique-sy.com\/#organization"},"potentialAction":[{"@type":"SearchAction","target":{"@type":"EntryPoint","urlTemplate":"https:\/\/acoustique-sy.com\/?s={search_term_string}"},"query-input":{"@type":"PropertyValueSpecification","valueRequired":true,"valueName":"search_term_string"}}],"inLanguage":"fr-FR"},{"@type":"Organization","@id":"https:\/\/acoustique-sy.com\/#organization","name":"Acoustique Sy CONSEIL","alternateName":"A.Sy conseil","url":"https:\/\/acoustique-sy.com\/","logo":{"@type":"ImageObject","inLanguage":"fr-FR","@id":"https:\/\/acoustique-sy.com\/#\/schema\/logo\/image\/","url":"http:\/\/acoustique-sy.com\/wp-content\/uploads\/2024\/07\/icon-1.png","contentUrl":"http:\/\/acoustique-sy.com\/wp-content\/uploads\/2024\/07\/icon-1.png","width":512,"height":512,"caption":"Acoustique Sy CONSEIL"},"image":{"@id":"https:\/\/acoustique-sy.com\/#\/schema\/logo\/image\/"}}]}},"_links":{"self":[{"href":"https:\/\/acoustique-sy.com\/index.php\/wp-json\/wp\/v2\/pages\/23","targetHints":{"allow":["GET"]}}],"collection":[{"href":"https:\/\/acoustique-sy.com\/index.php\/wp-json\/wp\/v2\/pages"}],"about":[{"href":"https:\/\/acoustique-sy.com\/index.php\/wp-json\/wp\/v2\/types\/page"}],"author":[{"embeddable":true,"href":"https:\/\/acoustique-sy.com\/index.php\/wp-json\/wp\/v2\/users\/1"}],"replies":[{"embeddable":true,"href":"https:\/\/acoustique-sy.com\/index.php\/wp-json\/wp\/v2\/comments?post=23"}],"version-history":[{"count":489,"href":"https:\/\/acoustique-sy.com\/index.php\/wp-json\/wp\/v2\/pages\/23\/revisions"}],"predecessor-version":[{"id":1165,"href":"https:\/\/acoustique-sy.com\/index.php\/wp-json\/wp\/v2\/pages\/23\/revisions\/1165"}],"wp:featuredmedia":[{"embeddable":true,"href":"https:\/\/acoustique-sy.com\/index.php\/wp-json\/wp\/v2\/media\/573"}],"wp:attachment":[{"href":"https:\/\/acoustique-sy.com\/index.php\/wp-json\/wp\/v2\/media?parent=23"}],"curies":[{"name":"wp","href":"https:\/\/api.w.org\/{rel}","templated":true}]}}